{"id":390,"date":"2018-04-26T17:06:56","date_gmt":"2018-04-26T15:06:56","guid":{"rendered":"http:\/\/destilaarquitectura.com\/restaurantes-hoteles\/"},"modified":"2018-06-20T13:38:31","modified_gmt":"2018-06-20T11:38:31","slug":"restaurantes-hoteles","status":"publish","type":"page","link":"https:\/\/destilaarquitectura.com\/es\/restaurantes-hoteles\/","title":{"rendered":"Restaurantes, Hoteles &#038; Retail"},"content":{"rendered":"<p>[vc_row css=\u00bb.vc_custom_1524823275491{margin-top: 200px !important;margin-bottom: 100px !important;}\u00bb][vc_column width=\u00bb1\/3&#8243;][vc_custom_heading text=\u00bbRestaurantess, Hoteles &amp; Retail\u00bb font_container=\u00bbtag:h1|text_align:left\u00bb use_theme_fonts=\u00bbyes\u00bb css=\u00bb.vc_custom_1529494626077{margin-left: 20px !important;}\u00bb][\/vc_column][vc_column width=\u00bb1\/3&#8243;][vc_column_text]<\/p>\n<p>A Destila estamos especializados en el dise\u00f1o de espacios comerciales, hoteleros y gastron\u00f3micos. Aportamos valor tanto los negocios existentes como los nuevos a partir de una metodolog\u00eda de trabajo basada en el an\u00e1lisis, la estrategia y el dise\u00f1o.<\/p>\n<p>[\/vc_column_text][\/vc_column][vc_column width=\u00bb1\/3&#8243;][\/vc_column][\/vc_row][vc_row full_width=\u00bbstretch_row\u00bb css=\u00bb.vc_custom_1524755611771{background-color: #30302f !important;}\u00bb][vc_column][vc_basic_grid post_type=\u00bbprojects\u00bb max_items=\u00bb-1&#8243; item=\u00bb72&#8243; grid_id=\u00bbvc_gid:1529494605140-2d6385e0-ed61-8&#8243; taxonomies=\u00bb7&#8243;][\/vc_column][\/vc_row]<\/p>\n","protected":false},"excerpt":{"rendered":"<p>[vc_row css=\u00bb.vc_custom_1524823275491{margin-top: 200px !important;margin-bottom: 100px !important;}\u00bb][vc_column width=\u00bb1\/3&#8243;][vc_custom_heading text=\u00bbRestaurantess, Hoteles &amp; Retail\u00bb font_container=\u00bbtag:h1|text_align:left\u00bb use_theme_fonts=\u00bbyes\u00bb css=\u00bb.vc_custom_1529494626077{margin-left: 20px !important;}\u00bb][\/vc_column][vc_column width=\u00bb1\/3&#8243;][vc_column_text] A Destila estamos especializados en el dise\u00f1o de espacios comerciales, hoteleros y gastron\u00f3micos. Aportamos valor tanto los negocios existentes como los nuevos a partir de una metodolog\u00eda de trabajo basada en el an\u00e1lisis, la estrategia y el dise\u00f1o. [&hellip;]<\/p>\n","protected":false},"author":1,"featured_media":0,"parent":0,"menu_order":0,"comment_status":"closed","ping_status":"closed","template":"","meta":[],"_links":{"self":[{"href":"https:\/\/destilaarquitectura.com\/es\/wp-json\/wp\/v2\/pages\/390"}],"collection":[{"href":"https:\/\/destilaarquitectura.com\/es\/wp-json\/wp\/v2\/pages"}],"about":[{"href":"https:\/\/destilaarquitectura.com\/es\/wp-json\/wp\/v2\/types\/page"}],"author":[{"embeddable":true,"href":"https:\/\/destilaarquitectura.com\/es\/wp-json\/wp\/v2\/users\/1"}],"replies":[{"embeddable":true,"href":"https:\/\/destilaarquitectura.com\/es\/wp-json\/wp\/v2\/comments?post=390"}],"version-history":[{"count":10,"href":"https:\/\/destilaarquitectura.com\/es\/wp-json\/wp\/v2\/pages\/390\/revisions"}],"predecessor-version":[{"id":898,"href":"https:\/\/destilaarquitectura.com\/es\/wp-json\/wp\/v2\/pages\/390\/revisions\/898"}],"wp:attachment":[{"href":"https:\/\/destilaarquitectura.com\/es\/wp-json\/wp\/v2\/media?parent=390"}],"curies":[{"name":"wp","href":"https:\/\/api.w.org\/{rel}","templated":true}]}}