{"id":374,"date":"2018-04-25T10:16:37","date_gmt":"2018-04-25T08:16:37","guid":{"rendered":"http:\/\/destilaarquitectura.com\/estudi\/"},"modified":"2021-09-10T16:53:28","modified_gmt":"2021-09-10T14:53:28","slug":"estudi","status":"publish","type":"page","link":"https:\/\/destilaarquitectura.com\/es\/estudi\/","title":{"rendered":"Estudio"},"content":{"rendered":"<p>[vc_row css=\u00bb.vc_custom_1524826319567{margin-top: 100px !important;}\u00bb][vc_column width=\u00bb1\/3&#8243;][\/vc_column][vc_column width=\u00bb2\/3&#8243;][vc_single_image image=\u00bb1357&#8243; img_size=\u00bbfull\u00bb][\/vc_column][\/vc_row][vc_row 0=\u00bb\u00bb][vc_column offset=\u00bbvc_col-md-2&#8243;][\/vc_column][vc_column width=\u00bb2\/3&#8243; offset=\u00bbvc_col-md-6&#8243;][vc_custom_heading text=\u00bbCreamos experiencias a trav\u00e9s del dise\u00f1o y la arquitectura\u00bb font_container=\u00bbtag:h1|text_align:left\u00bb use_theme_fonts=\u00bbyes\u00bb][vc_row_inner 0=\u00bb\u00bb][vc_column_inner width=\u00bb2\/3&#8243;][vc_column_text css=\u00bb.vc_custom_1527241828540{margin-top: 50px !important;margin-bottom: 50px !important;}\u00bb]<em>En Destila generamos experiencias a trav\u00e9s de la arquitectura y el dise\u00f1o, creando espacios que aporten valor y distinci\u00f3n. Nuestra f\u00f3rmula: TALENTO, CREATIVIDAD Y PROFESIONALIDAD.<\/em><\/p>\n<p><em>Nos gusta decir que trabajamos con el cliente y no para el cliente. Conjuntamente fijamos una estrategia de actuaci\u00f3n \u00fanica para cada proyecto. El objetivo es huir de lo convencional y conseguir que cada espacio tenga una personalidad e identidad propias. Avisamos, no copiamos, somos al\u00e9rgicos a las copias ya que buscamos la esencia de cada proyecto, que cada espacio sea \u00fanico. <\/em><\/p>\n<p><em>Y para garantizar el \u00e9xito del resultado final, entendemos los proyectos de una forma integral y los desarrollamos en todas sus escalas.<\/em><\/p>\n<p><em>A pesar de ser un estudio de arquitectura e interiorismo, no tenemos miedo y nos atrevemos a afrontar nuevos retos y colaboraciones tanto en proyectos nacionales como internacionales.<\/em><\/p>\n<p><em>As\u00ed pues, con la finalidad de preservar la excelencia en el dise\u00f1o y ofrecer el \u00e9xito comercial de los proyectos gastron\u00f3micos y hoteleros en el \u00e1mbito internacional, Destila, junto con otros profesionales, crea y forma parte del grupo A PINCH OF DESIGN.<\/em><\/p>\n<p>[\/vc_column_text][\/vc_column_inner][\/vc_row_inner][\/vc_column][vc_column width=\u00bb1\/3&#8243;][vc_column_text el_class=\u00bbfitxa\u00bb css=\u00bb.vc_custom_1524826589916{margin-top: 50px !important;margin-bottom: 50px !important;}\u00bb]<span style=\"text-decoration: underline;\">Dise\u00f1o Interior:<\/span><br \/>\nRestaurantes, bares y hoteles<br \/>\nEspacios comerciales y oficinas<br \/>\nStands e instalaciones ef\u00edmeras<\/p>\n<p><span style=\"text-decoration: underline;\">Arquitectura:<\/span><br \/>\nResidencial y comercial<br \/>\nRehabilitaciones<br \/>\nPaisajismo y urbanismo<br \/>\nServicios y equipamientos<\/p>\n<p><span style=\"text-decoration: underline;\">Consultor\u00eda:<\/span><br \/>\nViabilidad t\u00e9cnica de locales comerciales<br \/>\nViabilidad proyectos de arquitectura<\/p>\n<p><span style=\"text-decoration: underline;\">Project Management \/ Direcci\u00f3n obra:<\/span><br \/>\nGesti\u00f3n de proyectos<br \/>\nDirecci\u00f3n de obra<br \/>\nComparativa de precios y calidades<br \/>\nContrataci\u00f3n industrial<br \/>\nControl de costes<br \/>\nCertificaciones<br \/>\nTramitaci\u00f3n de licencia y permisos[\/vc_column_text][\/vc_column][\/vc_row]<\/p>\n","protected":false},"excerpt":{"rendered":"<p>[vc_row css=\u00bb.vc_custom_1524826319567{margin-top: 100px !important;}\u00bb][vc_column width=\u00bb1\/3&#8243;][\/vc_column][vc_column width=\u00bb2\/3&#8243;][vc_single_image image=\u00bb1357&#8243; img_size=\u00bbfull\u00bb][\/vc_column][\/vc_row][vc_row 0=\u00bb\u00bb][vc_column offset=\u00bbvc_col-md-2&#8243;][\/vc_column][vc_column width=\u00bb2\/3&#8243; offset=\u00bbvc_col-md-6&#8243;][vc_custom_heading text=\u00bbCreamos experiencias a trav\u00e9s del dise\u00f1o y la arquitectura\u00bb font_container=\u00bbtag:h1|text_align:left\u00bb use_theme_fonts=\u00bbyes\u00bb][vc_row_inner 0=\u00bb\u00bb][vc_column_inner width=\u00bb2\/3&#8243;][vc_column_text css=\u00bb.vc_custom_1527241828540{margin-top: 50px !important;margin-bottom: 50px !important;}\u00bb]En Destila generamos experiencias a trav\u00e9s de la arquitectura y el dise\u00f1o, creando espacios que aporten valor y distinci\u00f3n. Nuestra f\u00f3rmula: TALENTO, CREATIVIDAD Y PROFESIONALIDAD. Nos [&hellip;]<\/p>\n","protected":false},"author":1,"featured_media":0,"parent":0,"menu_order":0,"comment_status":"closed","ping_status":"closed","template":"template-fullwidth.php","meta":[],"_links":{"self":[{"href":"https:\/\/destilaarquitectura.com\/es\/wp-json\/wp\/v2\/pages\/374"}],"collection":[{"href":"https:\/\/destilaarquitectura.com\/es\/wp-json\/wp\/v2\/pages"}],"about":[{"href":"https:\/\/destilaarquitectura.com\/es\/wp-json\/wp\/v2\/types\/page"}],"author":[{"embeddable":true,"href":"https:\/\/destilaarquitectura.com\/es\/wp-json\/wp\/v2\/users\/1"}],"replies":[{"embeddable":true,"href":"https:\/\/destilaarquitectura.com\/es\/wp-json\/wp\/v2\/comments?post=374"}],"version-history":[{"count":11,"href":"https:\/\/destilaarquitectura.com\/es\/wp-json\/wp\/v2\/pages\/374\/revisions"}],"predecessor-version":[{"id":1360,"href":"https:\/\/destilaarquitectura.com\/es\/wp-json\/wp\/v2\/pages\/374\/revisions\/1360"}],"wp:attachment":[{"href":"https:\/\/destilaarquitectura.com\/es\/wp-json\/wp\/v2\/media?parent=374"}],"curies":[{"name":"wp","href":"https:\/\/api.w.org\/{rel}","templated":true}]}}