{"id":901,"date":"2018-07-10T11:18:48","date_gmt":"2018-07-10T09:18:48","guid":{"rendered":"https:\/\/destilaarquitectura.com\/?page_id=901"},"modified":"2018-07-10T11:32:53","modified_gmt":"2018-07-10T09:32:53","slug":"cookie-policy","status":"publish","type":"page","link":"https:\/\/destilaarquitectura.com\/en\/cookie-policy\/","title":{"rendered":"Cookie policy"},"content":{"rendered":"<p>[vc_row el_class=&#8221;formulari&#8221;][vc_column width=&#8221;1\/6&#8243;][\/vc_column][vc_column width=&#8221;2\/3&#8243;][vc_column_text]<\/p>\n<h2>POL\u00cdTICA DE COOKIES<\/h2>\n<p><strong>INFORMACI\u00d3N SOBRE <\/strong><strong><em>COOKIES<\/em><\/strong><strong><em>\u00a0<\/em><\/strong><\/p>\n<p>Debido a la entrada en vigor de la referente modificaci\u00f3n de la \u201cLey de Servicios de la Sociedad de la Informaci\u00f3n\u201d (LSSICE) establecida por el Real Decreto 13\/2012, es de obligaci\u00f3n obtener el consentimiento expreso del usuario de todas las p\u00e1ginas web que usan <em>cookies <\/em>prescindibles, antes de que \u00e9ste navegue por ellas.<\/p>\n<p><strong>\u00bfQU\u00c9 SON LAS <\/strong><strong><em>COOKIES<\/em><\/strong><strong>?<\/strong><\/p>\n<p>Las <em>cookies <\/em>y otras tecnolog\u00edas similares tales como local shared objects, flash <em>cookies <\/em>o p\u00edxeles, son herramientas empleadas por los servidores Web para almacenar y recuperar informaci\u00f3n acerca de sus visitantes, as\u00ed como para ofrecer un correcto funcionamiento del sitio.<\/p>\n<p>Mediante el uso de estos dispositivos se permite al servidor Web recordar algunos datos concernientes al usuario, como sus preferencias para la visualizaci\u00f3n de las p\u00e1ginas de ese servidor, nombre y contrase\u00f1a, productos que m\u00e1s le interesan, etc.<\/p>\n<p><strong><em>COOKIES <\/em><\/strong><strong>AFECTADAS POR LA NORMATIVA Y <\/strong><strong><em>COOKIES <\/em><\/strong><strong>EXCEPTUADAS<\/strong><\/p>\n<p>Seg\u00fan la directiva de la UE, las <em>cookies <\/em>que requieren el consentimiento informado por parte del usuario son las <em>cookies <\/em>de anal\u00edtica y las de publicidad y afiliaci\u00f3n, quedando exceptuadas las de car\u00e1cter t\u00e9cnico y las necesarias para el funcionamiento del sitio web o la prestaci\u00f3n de servicios expresamente solicitados por el usuario.<\/p>\n<p><strong>\u00bfQU\u00c9 TIPOS DE <\/strong><strong><em>COOKIES <\/em><\/strong><strong>EXISTEN?<\/strong><\/p>\n<p>Sobre los tipos de cookies, existen cinco grandes grupos:<\/p>\n<p><em>Cookies <\/em>anal\u00edticas: recogen informaci\u00f3n del uso que se realiza del sitio web.<\/p>\n<p><em>Cookies <\/em>sociales: son aquellas necesarias para redes sociales externas.<\/p>\n<p><em>Cookies <\/em>de afiliados: permiten hacer un seguimiento de las visitas procedentes de otras webs, con las que el sitio web establece un contrato de afiliaci\u00f3n (empresas de afiliaci\u00f3n).<\/p>\n<p><em>Cookies <\/em>de publicidad y comportamentales: recogen informaci\u00f3n sobre las preferencias y elecciones personales del usuario (<em>retargeting<\/em>).<\/p>\n<p><em>Cookies <\/em>t\u00e9cnicas y funcionales: son las estrictamente necesarias para el uso del sitio web y para la prestaci\u00f3n del servicio contratado.<\/p>\n<p><strong><em>COOKIES <\/em>QUE SE UTILIZAN EN ESTE SITIO WEB<\/strong><strong>\u00a0<\/strong><\/p>\n<p><strong>PHPSESSID<\/strong>: <em>cookie <\/em>t\u00e9cnica y estrictamente necesaria que contiene el identificador de la sesi\u00f3n. Se elimina al cerrar el navegador.<\/p>\n<p><strong>_lang<\/strong>: <em>cookie <\/em>t\u00e9cnica y estrictamente necesaria que contiene el idioma de la sesi\u00f3n. Se elimina al cerrar el navegador.<\/p>\n<p><strong>ac_cookies<\/strong>: <em>cookie <\/em>t\u00e9cnica y estrictamente necesaria que contiene el valor de si se ha aceptado la instalaci\u00f3n de cookies. Caduca en 1 a\u00f1o desde la \u00faltima actualizaci\u00f3n.<\/p>\n<p><strong>_ga<\/strong>: <em>cookie <\/em>de Google Analytics que habilita la funci\u00f3n de control de visitas \u00fanicas. La primera vez que un usuario entre en el sitio web a trav\u00e9s de un navegador se instalar\u00e1 esta <em>cookie<\/em>. Cuando este usuario vuelva a entrar en la web con el mismo navegador, la <em>cookie <\/em>considerar\u00e1 que es el mismo usuario. Solo en el caso de que el usuario cambie de navegador, se considerar\u00e1 otro usuario. Caduca a los 2 a\u00f1os desde la \u00faltima actualizaci\u00f3n. M\u00e1s informaci\u00f3n del tratamiento realizado por Google Analytics <a href=\"https:\/\/www.google.com\/intl\/es_ALL\/analytics\/learn\/privacy.html\"><strong>aqu\u00ed<\/strong><\/a>.<\/p>\n<p>_<strong>gat<\/strong>: Esta <em>cookie <\/em>se asocia con Google Analytics. Se utiliza para limitar la velocidad de petici\u00f3n &#8211; la limitaci\u00f3n<\/p>\n<p>de la recogida de datos en los sitios de alto tr\u00e1fico. Caduca a los 10 minutos.<\/p>\n<p><strong>_gid: <\/strong>Esta <em>cookie <\/em>se asocia con Google Analytics. Se utiliza para distinguir a los usuarios. Caduca a las 24 horas.<\/p>\n<p><strong>REVOCACI\u00d3N DEL CONSENTIMIENTO PARA INSTALAR COOKIES COMO ELIMINAR LAS COOKIES DEL NAVEGADOR<\/strong><\/p>\n<p><strong>Chrome<\/strong><\/p>\n<ol>\n<li>Selecciona el icono de Herramientas<\/li>\n<li>Haz clic en Configuraci\u00f3n.<\/li>\n<li>Haz clic en Mostrar Opciones<\/li>\n<li>En la secci\u00f3n &#8220;Privacidad&#8221; haz clic en Configuraci\u00f3n de<\/li>\n<\/ol>\n<ul>\n<li>Eliminar cookies: Haz clic en Todas las cookies y los datos de sitios\u2026<\/li>\n<li>No permitir que se almacenen<\/li>\n<\/ul>\n<ol start=\"5\">\n<li>Haz clic en Eliminar datos de navegaci\u00f3n (vaciar la Cach\u00e9).<\/li>\n<li>Cierra y reinicia el<\/li>\n<\/ol>\n<p>Para m\u00e1s informaci\u00f3n sobre Chrome pulse aqu\u00ed: <a href=\"http:\/\/support.google.com\/chrome\/answer\/95647?hl=es\">http:\/\/support.google.com\/chrome\/answer\/95647?hl=es<\/a><\/p>\n<p><strong>Internet Explorer. Versi\u00f3n 11<\/strong><\/p>\n<ol>\n<li>Selecciona Herramientas | Opciones de<\/li>\n<li>Haz clic en la ficha<\/li>\n<li>En la secci\u00f3n &#8220;Historial de exploraci\u00f3n&#8221;, haz clic en Eliminar el historial de exploraci\u00f3n al<\/li>\n<li>Seleccionar Eliminar<\/li>\n<li>Seleccionar Eliminar<\/li>\n<li>Haz clic en<\/li>\n<li>Haz clic en<\/li>\n<li>Cierra y reinicia el<\/li>\n<\/ol>\n<p>Para m\u00e1s informaci\u00f3n sobre Internet Explorer pulse aqu\u00ed: <a href=\"https:\/\/support.microsoft.com\/es-es\/kb\/278835\">https:\/\/support.microsoft.com\/es-es\/kb\/278835<\/a><\/p>\n<p><strong>Firefox. Versi\u00f3n 18<\/strong><\/p>\n<ol>\n<li>Selecciona Firefox | Historial | Limpiar el historial<\/li>\n<li>Al lado de &#8220;Detalles&#8221;, haz clic en la flecha hacia<\/li>\n<li>Selecciona las siguientes casillas de verificaci\u00f3n: Cookies, Cach\u00e9, Inicios de sesi\u00f3n activos<\/li>\n<li>Usando el &#8220;Intervalo de tiempo para borrar&#8221; en el men\u00fa desplegable, selecciona<\/li>\n<li>Haz clic en Borrar<\/li>\n<li>Cierra y reinicia el<\/li>\n<\/ol>\n<p>Puede aceptar o rechazar las cookies individualmente en las Preferencias de Firefox, en la secci\u00f3n Historial disponible en Herramientas &gt; Opciones &gt; Privacidad.<\/p>\n<p>Para m\u00e1s informaci\u00f3n sobre Mozilla Firefox pulse aqu\u00ed: <a href=\"https:\/\/www.mozilla.org\/es-ES\/privacy\/websites\/#cookies\">https:\/\/www.mozilla.org\/es-ES\/privacy\/websites\/#cookies<\/a><\/p>\n<p><strong>Safari Versi\u00f3n 5.1<\/strong><\/p>\n<ol>\n<li>Selecciona el icono de Safari \/ Editar | Restaurar<\/li>\n<li>Selecciona las siguientes casillas de verificaci\u00f3n: Borrar el historial, Eliminar todos los datos de sitio web<\/li>\n<li>Haz clic en<\/li>\n<li>Cierra y reinicia el<\/li>\n<\/ol>\n<p>Para m\u00e1s informaci\u00f3n sobre Safari pulse aqu\u00ed: <a href=\"http:\/\/support.apple.com\/kb\/PH5042\">http:\/\/support.apple.com\/kb\/PH5042<\/a><\/p>\n<p><strong>Opera<\/strong><\/p>\n<p>Opciones &#8211; Avanzado &#8211; Cookies.<\/p>\n<p>Las opciones de cookies controlan el modo en que Opera los maneja y por lo tanto su aceptaci\u00f3n o rechazo. Para m\u00e1s informaci\u00f3n sobre \u00d3pera pulse aqu\u00ed: <a href=\"http:\/\/help.opera.com\/Linux\/10.60\/es-ES\/cookies.html\">http:\/\/help.opera.com\/Linux\/10.60\/es-ES\/cookies.html<\/a><\/p>\n<p><strong>Otros navegadores<\/strong><\/p>\n<p>Consulte la documentaci\u00f3n del navegador que tenga instalado.[\/vc_column_text][\/vc_column][vc_column width=&#8221;1\/6&#8243;][\/vc_column][\/vc_row]<\/p>\n","protected":false},"excerpt":{"rendered":"<p>[vc_row el_class=&#8221;formulari&#8221;][vc_column width=&#8221;1\/6&#8243;][\/vc_column][vc_column width=&#8221;2\/3&#8243;][vc_column_text] POL\u00cdTICA DE COOKIES INFORMACI\u00d3N SOBRE COOKIES\u00a0 Debido a la entrada en vigor de la referente modificaci\u00f3n de la \u201cLey de Servicios de la Sociedad de la Informaci\u00f3n\u201d (LSSICE) establecida por el Real Decreto 13\/2012, es de obligaci\u00f3n obtener el consentimiento expreso del usuario de todas las p\u00e1ginas web que usan cookies [&hellip;]<\/p>\n","protected":false},"author":1,"featured_media":0,"parent":0,"menu_order":0,"comment_status":"closed","ping_status":"closed","template":"template-fullwidth.php","meta":[],"_links":{"self":[{"href":"https:\/\/destilaarquitectura.com\/en\/wp-json\/wp\/v2\/pages\/901"}],"collection":[{"href":"https:\/\/destilaarquitectura.com\/en\/wp-json\/wp\/v2\/pages"}],"about":[{"href":"https:\/\/destilaarquitectura.com\/en\/wp-json\/wp\/v2\/types\/page"}],"author":[{"embeddable":true,"href":"https:\/\/destilaarquitectura.com\/en\/wp-json\/wp\/v2\/users\/1"}],"replies":[{"embeddable":true,"href":"https:\/\/destilaarquitectura.com\/en\/wp-json\/wp\/v2\/comments?post=901"}],"version-history":[{"count":2,"href":"https:\/\/destilaarquitectura.com\/en\/wp-json\/wp\/v2\/pages\/901\/revisions"}],"predecessor-version":[{"id":909,"href":"https:\/\/destilaarquitectura.com\/en\/wp-json\/wp\/v2\/pages\/901\/revisions\/909"}],"wp:attachment":[{"href":"https:\/\/destilaarquitectura.com\/en\/wp-json\/wp\/v2\/media?parent=901"}],"curies":[{"name":"wp","href":"https:\/\/api.w.org\/{rel}","templated":true}]}}